{"id":15216,"date":"2022-03-31T17:55:35","date_gmt":"2022-03-31T15:55:35","guid":{"rendered":"http:\/\/lpartfair.com\/?page_id=15216"},"modified":"2022-05-24T17:02:14","modified_gmt":"2022-05-24T15:02:14","slug":"contact","status":"publish","type":"page","link":"http:\/\/lpartfair.com\/en\/contact\/","title":{"rendered":"Contact"},"content":{"rendered":"<p>[et_pb_section fb_built=&#8221;1&#8243; custom_padding_last_edited=&#8221;on|phone&#8221; module_class=&#8221;useful-information-section&#8221; _builder_version=&#8221;4.6.1&#8243; _module_preset=&#8221;default&#8221; min_height=&#8221;133px&#8221; custom_padding=&#8221;5px||60px||false|false&#8221; custom_padding_tablet=&#8221;&#8221; custom_padding_phone=&#8221;40px||40px||false|false&#8221;][\/et_pb_section][et_pb_section fb_built=&#8221;1&#8243; custom_padding_last_edited=&#8221;on|desktop&#8221; module_class=&#8221;team-section&#8221; _builder_version=&#8221;4.6.1&#8243; _module_preset=&#8221;default&#8221; background_enable_color=&#8221;off&#8221; background_image=&#8221;http:\/\/lpartfair.com\/wp-content\/uploads\/2021\/05\/58926-scaled.jpg&#8221; background_size=&#8221;contain&#8221; custom_margin=&#8221;-145px|||||&#8221; custom_padding=&#8221;60px||60px||false|false&#8221; custom_padding_tablet=&#8221;&#8221; custom_padding_phone=&#8221;40px||40px||false|false&#8221;][et_pb_row admin_label=&#8221;Team Row&#8221; module_class=&#8221;team-row&#8221; _builder_version=&#8221;4.6.1&#8243; _module_preset=&#8221;default&#8221; custom_margin=&#8221;|auto|-49px|auto||&#8221; custom_padding=&#8221;0px||0px||false|false&#8221;][et_pb_column type=&#8221;4_4&#8243; _builder_version=&#8221;4.6.1&#8243; _module_preset=&#8221;default&#8221;][et_pb_blurb title=&#8221;Office\u00a0&#8221; admin_label=&#8221;Bruno Paillard&#8221; _builder_version=&#8221;4.6.1&#8243; _module_preset=&#8221;default&#8221; header_text_color=&#8221;#000000&#8243; header_font_size=&#8221;18px&#8221; body_text_color=&#8221;#6C6B6B&#8221; body_font_size=&#8221;15px&#8221; custom_margin=&#8221;||27px|||&#8221; animation=&#8221;off&#8221; header_font_size_tablet=&#8221;&#8221; header_font_size_phone=&#8221;18px&#8221; header_font_size_last_edited=&#8221;on|phone&#8221;]<\/p>\n<p>Phone:\u00a0<span>+33 (0)6 50 780 00 88<\/span><\/p>\n<p><span style=\"font-size: small;\"><a href=\"mailto:caroline.farin@moderneartfair.com\">info@abelisfairs.com<\/a><\/span><\/p>\n<p>[\/et_pb_blurb][et_pb_blurb title=&#8221;Blaise Parinaud &#8221; admin_label=&#8221; Jean-Fran\u00e7ois Declercq&#8221; _builder_version=&#8221;4.6.1&#8243; _module_preset=&#8221;default&#8221; header_text_color=&#8221;#000000&#8243; header_font_size=&#8221;18px&#8221; body_text_color=&#8221;#6C6B6B&#8221; body_font_size=&#8221;15px&#8221; min_height=&#8221;59px&#8221; custom_padding=&#8221;||0px|||&#8221; animation=&#8221;off&#8221; hover_enabled=&#8221;0&#8243; header_font_size_tablet=&#8221;&#8221; header_font_size_phone=&#8221;18px&#8221; header_font_size_last_edited=&#8221;on|phone&#8221; sticky_enabled=&#8221;0&#8243;]<\/p>\n<p>C.E.O<\/p>\n<p>[\/et_pb_blurb][et_pb_blurb title=&#8221;Isabelle Keit Parinaud&#8221; admin_label=&#8221;David Nahmad &#8221; _builder_version=&#8221;4.6.1&#8243; _module_preset=&#8221;default&#8221; header_text_color=&#8221;#000000&#8243; header_font_size=&#8221;18px&#8221; body_text_color=&#8221;#6C6B6B&#8221; body_font_size=&#8221;15px&#8221; animation=&#8221;off&#8221; hover_enabled=&#8221;0&#8243; header_font_size_tablet=&#8221;&#8221; header_font_size_phone=&#8221;18px&#8221; header_font_size_last_edited=&#8221;on|phone&#8221; sticky_enabled=&#8221;0&#8243;]<\/p>\n<p>Co-director<\/p>\n<p>[\/et_pb_blurb][et_pb_blurb title=&#8221;Adeline Keit&#8221; admin_label=&#8221;Florence Ber\u00e8s-Montanari&#8221; _builder_version=&#8221;4.6.1&#8243; _module_preset=&#8221;default&#8221; header_text_color=&#8221;#000000&#8243; header_font_size=&#8221;18px&#8221; body_text_color=&#8221;#6C6B6B&#8221; body_font_size=&#8221;15px&#8221; custom_margin=&#8221;||50px|||&#8221; animation=&#8221;off&#8221; hover_enabled=&#8221;0&#8243; header_font_size_tablet=&#8221;&#8221; header_font_size_phone=&#8221;18px&#8221; header_font_size_last_edited=&#8221;on|phone&#8221; sticky_enabled=&#8221;0&#8243;]<\/p>\n<p>Show manager and head of communication<\/p>\n<p>&nbsp;<\/p>\n<p>[\/et_pb_blurb][et_pb_blurb title=&#8221;Lola Chaurin&#8221; admin_label=&#8221; Jean-Fran\u00e7ois Declercq&#8221; _builder_version=&#8221;4.6.1&#8243; _module_preset=&#8221;default&#8221; header_text_color=&#8221;#000000&#8243; header_font_size=&#8221;18px&#8221; body_text_color=&#8221;#6C6B6B&#8221; body_font_size=&#8221;15px&#8221; min_height=&#8221;59px&#8221; custom_padding=&#8221;||0px|||&#8221; animation=&#8221;off&#8221; hover_enabled=&#8221;0&#8243; header_font_size_tablet=&#8221;&#8221; header_font_size_phone=&#8221;18px&#8221; header_font_size_last_edited=&#8221;on|phone&#8221; sticky_enabled=&#8221;0&#8243;]<\/p>\n<p>Exhibitors\u2019 relations and clientele manager<\/p>\n<p>[\/et_pb_blurb][et_pb_blurb title=&#8221;Juliette Marie&#8221; admin_label=&#8221;DavidHerv\u00e9Boutin&#8221; _builder_version=&#8221;4.6.1&#8243; _module_preset=&#8221;default&#8221; header_text_color=&#8221;#000000&#8243; header_font_size=&#8221;18px&#8221; body_text_color=&#8221;#6C6B6B&#8221; body_font_size=&#8221;15px&#8221; min_height=&#8221;59px&#8221; custom_padding=&#8221;||0px|||&#8221; animation=&#8221;off&#8221; hover_enabled=&#8221;0&#8243; header_font_size_tablet=&#8221;&#8221; header_font_size_phone=&#8221;18px&#8221; header_font_size_last_edited=&#8221;on|phone&#8221; sticky_enabled=&#8221;0&#8243;]<\/p>\n<p>Communication Assistant<\/p>\n<p>[\/et_pb_blurb][et_pb_blurb title=&#8221;Manuel Varliette&#8221; admin_label=&#8221; Jean-Fran\u00e7ois Declercq&#8221; _builder_version=&#8221;4.6.1&#8243; _module_preset=&#8221;default&#8221; header_text_color=&#8221;#000000&#8243; header_font_size=&#8221;18px&#8221; body_text_color=&#8221;#6C6B6B&#8221; body_font_size=&#8221;15px&#8221; min_height=&#8221;59px&#8221; custom_padding=&#8221;||0px|||&#8221; animation=&#8221;off&#8221; hover_enabled=&#8221;0&#8243; header_font_size_tablet=&#8221;&#8221; header_font_size_phone=&#8221;18px&#8221; header_font_size_last_edited=&#8221;on|phone&#8221; sticky_enabled=&#8221;0&#8243;]<\/p>\n<p>C.F.O<\/p>\n<p>&nbsp;<\/p>\n<p>[\/et_pb_blurb][et_pb_blurb title=&#8221;St\u00e9phane Cavalli\u00e9&#8221; admin_label=&#8221; Jean-Fran\u00e7ois Declercq&#8221; _builder_version=&#8221;4.6.1&#8243; _module_preset=&#8221;default&#8221; header_text_color=&#8221;#000000&#8243; header_font_size=&#8221;18px&#8221; body_text_color=&#8221;#6C6B6B&#8221; body_font_size=&#8221;15px&#8221; min_height=&#8221;59px&#8221; custom_padding=&#8221;||0px|||&#8221; animation=&#8221;off&#8221; hover_enabled=&#8221;0&#8243; header_font_size_tablet=&#8221;&#8221; header_font_size_phone=&#8221;18px&#8221; header_font_size_last_edited=&#8221;on|phone&#8221; sticky_enabled=&#8221;0&#8243;]<\/p>\n<p>Operations manager<\/p>\n<p>[\/et_pb_blurb][\/et_pb_column][\/et_pb_row][\/et_pb_section]<\/p>\n","protected":false},"excerpt":{"rendered":"<p>[et_pb_section fb_built=&#8221;1&#8243; custom_padding_last_edited=&#8221;on|phone&#8221; module_class=&#8221;useful-information-section&#8221; _builder_version=&#8221;4.6.1&#8243; _module_preset=&#8221;default&#8221; min_height=&#8221;133px&#8221; custom_padding=&#8221;5px||60px||false|false&#8221; custom_padding_tablet=&#8221;&#8221; custom_padding_phone=&#8221;40px||40px||false|false&#8221;][\/et_pb_section][et_pb_section fb_built=&#8221;1&#8243; custom_padding_last_edited=&#8221;on|desktop&#8221; module_class=&#8221;team-section&#8221; _builder_version=&#8221;4.6.1&#8243; _module_preset=&#8221;default&#8221; background_enable_color=&#8221;off&#8221; background_image=&#8221;http:\/\/lpartfair.com\/wp-content\/uploads\/2021\/05\/58926-scaled.jpg&#8221; background_size=&#8221;contain&#8221; custom_margin=&#8221;-145px|||||&#8221; custom_padding=&#8221;60px||60px||false|false&#8221; custom_padding_tablet=&#8221;&#8221; custom_padding_phone=&#8221;40px||40px||false|false&#8221;][et_pb_row admin_label=&#8221;Team Row&#8221; module_class=&#8221;team-row&#8221; _builder_version=&#8221;4.6.1&#8243; _module_preset=&#8221;default&#8221; custom_margin=&#8221;|auto|-49px|auto||&#8221; custom_padding=&#8221;0px||0px||false|false&#8221;][et_pb_column type=&#8221;4_4&#8243; _builder_version=&#8221;4.6.1&#8243; _module_preset=&#8221;default&#8221;][et_pb_blurb title=&#8221;Office\u00a0&#8221; admin_label=&#8221;Bruno Paillard&#8221; _builder_version=&#8221;4.6.1&#8243; _module_preset=&#8221;default&#8221; header_text_color=&#8221;#000000&#8243; header_font_size=&#8221;18px&#8221; body_text_color=&#8221;#6C6B6B&#8221; body_font_size=&#8221;15px&#8221; custom_margin=&#8221;||27px|||&#8221; animation=&#8221;off&#8221; header_font_size_tablet=&#8221;&#8221; header_font_size_phone=&#8221;18px&#8221; header_font_size_last_edited=&#8221;on|phone&#8221;] Phone:\u00a0+33 (0)6 50 780 00 88 info@abelisfairs.com [\/et_pb_blurb][et_pb_blurb title=&#8221;Blaise [&hellip;]<\/p>\n","protected":false},"author":7,"featured_media":0,"parent":0,"menu_order":0,"comment_status":"closed","ping_status":"closed","template":"","meta":{"_et_pb_use_builder":"on","_et_pb_old_content":"","_et_gb_content_width":""},"_links":{"self":[{"href":"http:\/\/lpartfair.com\/en\/wp-json\/wp\/v2\/pages\/15216"}],"collection":[{"href":"http:\/\/lpartfair.com\/en\/wp-json\/wp\/v2\/pages"}],"about":[{"href":"http:\/\/lpartfair.com\/en\/wp-json\/wp\/v2\/types\/page"}],"author":[{"embeddable":true,"href":"http:\/\/lpartfair.com\/en\/wp-json\/wp\/v2\/users\/7"}],"replies":[{"embeddable":true,"href":"http:\/\/lpartfair.com\/en\/wp-json\/wp\/v2\/comments?post=15216"}],"version-history":[{"count":4,"href":"http:\/\/lpartfair.com\/en\/wp-json\/wp\/v2\/pages\/15216\/revisions"}],"predecessor-version":[{"id":15403,"href":"http:\/\/lpartfair.com\/en\/wp-json\/wp\/v2\/pages\/15216\/revisions\/15403"}],"wp:attachment":[{"href":"http:\/\/lpartfair.com\/en\/wp-json\/wp\/v2\/media?parent=15216"}],"curies":[{"name":"wp","href":"https:\/\/api.w.org\/{rel}","templated":true}]}}